{"id":408,"date":"2025-11-14T21:55:33","date_gmt":"2025-11-14T21:55:30","guid":{"rendered":"https:\/\/moore-ula-srl.us.moore-global.com\/about-us-2\/"},"modified":"2026-03-11T03:45:15","modified_gmt":"2026-03-11T03:45:15","slug":"quality-policy","status":"publish","type":"page","link":"https:\/\/www.moore.do\/en\/quality-policy\/","title":{"rendered":"Quality Policy"},"content":{"rendered":"<style id=\"strategiq-hero-style\">@media (min-width: 992px){.block-hero{margin-left:83px}}.block-hero .position-relative:has(.hero__svg){overflow:hidden}.block-hero .hero__svg{z-index:1;-webkit-transform:translateX(100%);transform:translateX(100%);opacity:0;-webkit-animation:heroSvgFadeIn 1s ease-out forwards;animation:heroSvgFadeIn 1s ease-out forwards;-webkit-animation-delay:0.3s;animation-delay:0.3s}.block-hero .hero__svg-left{position:absolute;left:0;top:0;height:100%;-webkit-transform:translateX(100%);transform:translateX(100%);opacity:0;-webkit-animation:heroSvgFadeInReverse 2s cubic-bezier(0.25, 0.1, 0.05, 1) forwards;animation:heroSvgFadeInReverse 2s cubic-bezier(0.25, 0.1, 0.05, 1) forwards;-webkit-animation-delay:0.3s;animation-delay:0.3s}.block-hero .hero__svg-right{position:absolute;right:0;top:0;height:100%;-webkit-transform:translateX(-100%);transform:translateX(-100%);opacity:0;-webkit-animation:heroSvgFadeIn 2s cubic-bezier(0.25, 0.1, 0.05, 1) forwards;animation:heroSvgFadeIn 2s cubic-bezier(0.25, 0.1, 0.05, 1) forwards;-webkit-animation-delay:1s;animation-delay:1s}@-webkit-keyframes heroSvgFadeIn{0%{opacity:0;-webkit-transform:translateX(100%);transform:translateX(100%)}100%{opacity:1;-webkit-transform:translateX(0);transform:translateX(0)}}@keyframes heroSvgFadeIn{0%{opacity:0;-webkit-transform:translateX(100%);transform:translateX(100%)}100%{opacity:1;-webkit-transform:translateX(0);transform:translateX(0)}}@-webkit-keyframes heroSvgFadeInReverse{0%{opacity:0;-webkit-transform:translateX(-100%);transform:translateX(-100%)}100%{opacity:1;-webkit-transform:translateX(0);transform:translateX(0)}}@keyframes heroSvgFadeInReverse{0%{opacity:0;-webkit-transform:translateX(-100%);transform:translateX(-100%)}100%{opacity:1;-webkit-transform:translateX(0);transform:translateX(0)}}.block-hero--large{margin-left:0}.block-hero--large .hero{background:transparent}.block-hero--large.has-secondary-background-color .hero__content-wrapper{background-color:#5C0696}.block-hero--large.has-primary-background-color .hero__content-wrapper{background-color:#02212E}.block-hero--large.has-prussian-blue-background-color{background-color:transparent !important}.block-hero--large.has-prussian-blue-background-color .hero__content-wrapper{background:#004C6C}.block-hero--large.has-primary-gradient-gradient-background{background:transparent !important}.block-hero--large.has-primary-gradient-gradient-background .hero__content-wrapper{background:var(--primary-gradient)}.block-hero--large.has-secondary-gradient-gradient-background{background:transparent !important}.block-hero--large.has-secondary-gradient-gradient-background .hero__content-wrapper{background:var(--secondary-gradient)}.block-hero--large.has-tertiary-gradient-gradient-background{background:transparent !important}.block-hero--large.has-tertiary-gradient-gradient-background .hero__content-wrapper{background:var(--tertiary-gradient)}@media (min-width: 992px){.block-hero--heading-above-image{border-left:1px solid #D9D9D9;margin-right:83px}}.block-hero--heading-above-image .hero{min-height:410px}@media (min-width: 768px){.block-hero--heading-above-image .hero{min-height:570px}}.block-hero--heading-above-image .hero--call-to-action{-webkit-box-pack:end;-ms-flex-pack:end;justify-content:flex-end}@media (min-width: 992px){.block-hero--heading-above-image .hero--call-to-action{padding-right:0}}.block-hero.has-secondary-background-color{background-color:transparent !important}.block-hero.has-secondary-background-color .hero{background:#5C0696}.block-hero.has-white-background-color .hero{background:#fff}.block-hero.has-white-background-color .hero__title,.block-hero.has-white-background-color .hero__content p{color:#000}.block-hero.has-light-blue-background-color .hero{background:#eaf7fe}.block-hero.has-light-blue-background-color .hero__title,.block-hero.has-light-blue-background-color .hero__content p{color:#000}.block-hero.has-primary-background-color .hero{background:#02212E}.block-hero.has-prussian-blue-background-color{background-color:transparent !important}.block-hero.has-prussian-blue-background-color .hero{background:#004C6C}.block-hero.has-primary-gradient-gradient-background{background:transparent !important}.block-hero.has-primary-gradient-gradient-background .hero{background:var(--primary-gradient)}.block-hero.has-secondary-gradient-gradient-background{background:transparent !important}.block-hero.has-secondary-gradient-gradient-background .hero{background:var(--secondary-gradient)}.block-hero.has-tertiary-gradient-gradient-background{background:transparent !important}.block-hero.has-tertiary-gradient-gradient-background .hero{background:var(--tertiary-gradient)}\n\n\/*# sourceMappingURL=block-hero.css.map *\/\n<\/style>\n<section class=\"wp-block-strategiq block-hero block-hero block-hero--default wp-block-strategiq-hero\">\n\t\n\n<div class=\"hero hero--default hero--call-to-action\">\n\t\n\t<div class=\"container-fluid\">\n\t\t<div class=\"row\">\n\t\t\t<div class=\"col-12  p-0\">\n\t\t\t\t\t\t\t\t\t<picture class=\"hero__image behave-as-bg--cover behave-as-bg--center-center behave-as-bg\"><source media=\"(min-width: 1200px)\" srcset=\"https:\/\/www.moore.do\/wp-content\/uploads\/sites\/11\/bis-images\/341\/aurora-news-1-1920x900-f50_50.jpg 1.000x,https:\/\/www.moore.do\/wp-content\/uploads\/sites\/11\/bis-images\/341\/aurora-news-1-1920x900-f50_50.jpg 1.000x\"><source media=\"(min-width: 992px)\" srcset=\"https:\/\/www.moore.do\/wp-content\/uploads\/sites\/11\/bis-images\/341\/aurora-news-1-1600x900.jpg 1.000x,https:\/\/www.moore.do\/wp-content\/uploads\/sites\/11\/bis-images\/341\/aurora-news-1-3200x1800.jpg 2.000x\"><source media=\"(min-width: 0px)\" srcset=\"https:\/\/www.moore.do\/wp-content\/uploads\/sites\/11\/bis-images\/341\/aurora-news-1-800x800.jpg 1.000x,https:\/\/www.moore.do\/wp-content\/uploads\/sites\/11\/bis-images\/341\/aurora-news-1-1600x1600.jpg 2.000x\"><img decoding=\"async\" src=\"https:\/\/www.moore.do\/wp-content\/uploads\/sites\/11\/bis-images\/341\/aurora-news-1-800x800.jpg\" srcset=\"https:\/\/www.moore.do\/wp-content\/uploads\/sites\/11\/bis-images\/341\/aurora-news-1-800x800.jpg 1.000x,https:\/\/www.moore.do\/wp-content\/uploads\/sites\/11\/bis-images\/341\/aurora-news-1-1600x1600.jpg 2.000x\" alt=\"Quality Policy\" width=\"800\" height=\"800\" class=\"\"><\/picture>\t\t\t\t\n\t\t\t\t\n\t\t\t\t\t\t\t\t\t<div class=\"hero__content-wrapper\">\n\t\t\t\t\t\t<div class=\"hero__content\">\n\t\t\t\t\t\t\t<h1 class='hero__title'>Quality Policy<\/h1>\t\t\t\t\t\t\t\t\t\t\t\t\t\t\t\t\t\t\t\t<\/div>\n\t\t\t\t\t<\/div>\n\t\t\t\t\n\t\t\t<\/div>\n\n\t\t\t\t\t<\/div>\n\t<\/div>\n\n\t\t\t<div class=\"hero__call-to-action translation-block\"><a href=\"https:\/\/moore.do\/en\/we\/\" class=\"btn btn btn--primary btn--solid\" target=\"_self\">\n\t\t\t\t\t\tAbout us <\/a>\n\t\t\t\t\t\t\t\t\t\t\t\t<a href=\"https:\/\/moore.do\/en\/quality-policy\/\" class=\"btn btn btn--primary btn--solid\" target=\"_self\">\n\t\t\t\t\t\tQuality Policy <\/a><\/div>\n\t<\/div>\n<\/section>\n\n\n<style id=\"strategiq-accordion-items-style\">.block-accordion{max-width:768px;margin:0 auto}.block-accordion__item{border:2px solid #02212E;display:-webkit-box;display:-ms-flexbox;display:flex;-webkit-box-orient:vertical;-webkit-box-direction:normal;-ms-flex-direction:column;flex-direction:column}.block-accordion__item:not(:last-child){margin-bottom:1rem}input:checked ~ .block-accordion__item__heading:after{-webkit-transform:rotateZ(45deg) translateY(-50%);transform:rotateZ(45deg) translateY(-50%)}.block-accordion__item__heading{cursor:pointer;font-size:1rem;margin-bottom:0;padding:.9375rem 1.25rem;position:relative;-webkit-user-select:none;-moz-user-select:none;-ms-user-select:none;user-select:none}.block-accordion__item__heading:after{border-bottom:.125rem solid #02212E;border-right:.125rem solid #02212E;content:\"\";display:inline-block;height:.5rem;position:absolute;right:1.25rem;top:50%;-webkit-transform-origin:top;transform-origin:top;-webkit-transform:rotateZ(-135deg) translateY(-50%);transform:rotateZ(-135deg) translateY(-50%);-webkit-transition:-webkit-transform .25s;transition:-webkit-transform .25s;transition:transform .25s;transition:transform .25s, -webkit-transform .25s;width:.5rem}.block-accordion__item__content-wrapper{-webkit-box-shadow:inset 0 2px 0 #02212E;box-shadow:inset 0 2px 0 #02212E;height:0;overflow:hidden;-webkit-transition:height 0.25s ease-out;transition:height 0.25s ease-out}.block-accordion__item__content{padding:.9375rem 1.25rem}.block-accordion__item__content p:last-child{margin-bottom:0}.block-accordion__item__toggle{display:none;position:absolute}\n\n\/*# sourceMappingURL=block-accordion-items.css.map *\/\n<\/style>\n<section  class=\"block-accordion\tcontent-alignment-\">\n\t<div class=\"container\">\n\t\t<div class=\"block-accordion__wrapper\">\n\t\t\t<div class=\"block-accordion__items\">\n\t\t\t\t\t\t\t<\/div>\n\t\t<\/div>\n\t<\/div>\n\t<\/section>\n\n\n\n<style id=\"strategiq-two-column-style\">.block-two-column{padding:40px 0 20px}.single-firm .block-two-column{padding-bottom:1.875rem}@media (min-width: 768px){.block-two-column{padding:0}}@media (min-width: 768px){.block-two-column .content-offset-right{padding-right:0}}@media (min-width: 992px){.block-two-column .content-offset-right{padding-right:calc(8.33333% + 24px)}}.block-two-column img{width:100%}.block-two-column__content{color:var(--text-color)}.block-two-column__content p:last-of-type{margin-bottom:0}.block-two-column__list-content{margin-bottom:2.5rem}.block-two-column__list-heading{margin-bottom:8px;font-size:20px;font-weight:500}.block-two-column__list li p:last-of-type{margin-bottom:0}.block-two-column__list ul:first-of-type,.block-two-column__list ol:first-of-type{margin-top:0}.block-two-column__list ul:first-of-type li:first-of-type,.block-two-column__list ol:first-of-type li:first-of-type{margin-top:0}.block-two-column__list>p+ul:first-of-type,.block-two-column__list>p+ol:first-of-type{margin-top:1rem}.block-two-column__list>p+ul:first-of-type li:first-of-type,.block-two-column__list>p+ol:first-of-type li:first-of-type{margin-top:24px}.block-two-column__content.position-sticky,.block-two-column__list.position-sticky,.block-two-column__image-container.position-sticky{top:calc(var(--site-header-height) + 1rem)}.block-two-column__content,.block-two-column__image,.block-two-column__list{padding:12px 0}@media (min-width: 768px){.block-two-column__content,.block-two-column__image,.block-two-column__list{padding:2.5rem 1rem}}@media (min-width: 992px){.block-two-column__content,.block-two-column__image,.block-two-column__list{padding:5rem 0 3.75rem 0}}\n\n\/*# sourceMappingURL=block-two-column.css.map *\/\n<\/style>\n<section class=\"wp-block-strategiq block-two-column wp-block-strategiq-two-column\">\n\t<div class=\"container\">\n\t\t\t\t\t<div class=\"line line--grey\"><\/div>\n\t\t\t<div class=\"section-name\">\n\t\t\t\t<div class=\"section-name__inner\">\n\t\t\t\t\t\t\t\t\t\t<p class=\"section-name__heading\">Quality Policy<\/p>\n\t\t\t\t<\/div>\n\t\t\t<\/div>\n\t\t\t\t<div class=\"row align-items-start\">\n\t\t\t\t\t\t\t<div class=\"col-12 col-md-6 col-lg-5 offset-lg-1 content-offset-right\">\n\t\t\t\t\t\t\t\t\t\t\t<div class=\"block-two-column__content content-container\">\n\t\t\t\t\t\t\t\t\t\t\t\t\t\t\t<p><!--StartFragment --><\/p>\n<p class=\"pf0\"><!--StartFragment --><\/p>\n<p class=\"pf0\"><span class=\"cf0\">We are proactive in the adoption of controls and best practices that allow us to always offer our clients a service with the highest quality standards.<\/p>\n<p>At Moore ULA we have a quality control management system that focuses on using different mechanisms, actions, tools and\/or controls that allow us to monitor and ensure that the service we offer complies with the minimum requirements established by the International Standards for Quality Control Management (NIGC 1 and 2), which are audit risk assessment process, corporate governance and leadership, applicable ethical requirements, acceptance and continuity of relationships with clients and specific assignments, performance of assignments, resources, information and communication, and follow-up and correction process. Likewise, we work under the quality management principles of the ISO 9000 Standard described as customer focus, leadership, people commitment, process approach, improvement, <\/span><span class=\"cf0\">evidence-based decision making and relationship management.<\/p>\n<p>We seek to ensure that our services comply with applicable national and international regulations governing the accounting and auditing profession, Moore Global Network Limited policies and procedures, our internal policies and procedures, and client expectations.<\/p>\n<p>We recognize that our total commitment to quality is essential when offering any type of service, therefore, we allocate the necessary resources for the development, maintenance, documentation and implementation of policies and procedures that contribute to achieve and maintain the highest quality and efficiency.<\/span><\/p>\n<p class=\"pf0\"><span class=\"cf0\"><!--EndFragment --><\/span><\/p>\n<p class=\"pf0\"><!--EndFragment --><\/p>\n<p><!--EndFragment --><\/p>\n\t\t\t\t\t\t\t\t\t\t\t\t\t<\/div>\n\t\t\t\t\t\t\t\t\t<\/div>\n\t\t\t\t\t\t\t<div class=\"col-12 col-md-6 content-offset-right\">\n\t\t\t\t\t\t\t\t\t\t\t<div class=\"block-two-column__content content-container\">\n\t\t\t\t\t\t\t\t\t\t\t\t\t\t\t<p>In all our service lines we apply the following principles in the development of the work and in the preparation of the reports:<\/p>\n<ul>\n<li>Development and implementation of policies and procedures to ensure customer service that exceeds expectations.<\/li>\n<li>Leaders assume ultimate responsibility for the Firm's quality control system and the example they set significantly influences the adoption of quality policies and procedures at all levels of the organization.<\/li>\n<li>Maintenance of integrity, objectivity, confidentiality, professional behavior, competence and professional diligence through the most advanced methodology, human management and technical resources oriented to quality and constant improvement; complying with the Code of Ethics for Accounting Professionals of IESBA.<\/li>\n<li>Implementation of a business strategy that allows us to increase our market share, generating a high degree of recognition and competitiveness at a national and international level.<\/li>\n<li>Performing a due inquiry\/update of customer data in order to assess its integrity to establish\/continue or not to establish\/continue business relationships.<\/li>\n<li>Planning, executing and supervising that the commitments with clients comply, in all their phases, with high quality standards.<\/li>\n<li>Ensuring that the Firm's professional team has the required and\/or adequate academic training for the correct performance of its functions, while promoting continuous training for the development of new labor competencies.<\/li>\n<li>Continuous monitoring of compliance with the Firm's quality policies and procedures, in order to ensure continuous improvement of processes and customer satisfaction.<\/li>\n<\/ul>\n<p>As of December 16, 2019, we voluntarily committed to the.\u00a0<strong>implementation of a quality control system for accounting and auditing firms<\/strong>\u00a0according to the resolution of the Institute of Certified Public Accountants of the Dominican Republic (ICPARD). For more information, you can consult the following link:\u00a0<a href=\"https:\/\/www.icpard.org\/resolucion-adopcion-e-implementacion-de-sistemas-de-control-de-calidad\/\">https:\/\/www.icpard.org\/resolucion-adopcion-e-implementacion-de-sistemas-de-control-de-calidad\/<\/a><\/p>\n\t\t\t\t\t\t\t\t\t\t\t\t\t<\/div>\n\t\t\t\t\t\t\t\t\t<\/div>\n\t\t\t\t\t<\/div>\n\t<\/div>\n<\/section>\n\n\n<div style=\"height:100px\" aria-hidden=\"true\" class=\"wp-block-spacer\"><\/div>\n\n\n\n<section style=\"margin-top:0;margin-bottom:0;\" class=\"wp-block-strategiq block-cta-bar wp-block-strategiq-cta-bar\">\n\t<div class=\"container\">\n\t\t<div class=\"block-cta-bar__wrapper\">\n\t\t\t<div class=\"row\">\n\t\t\t\t<div class=\"col-12 col-lg-9\">\n\t\t\t\t\t\t\t\t\t\t\t<div class=\"block-cta-bar__heading-wrapper\">\n\t\t\t\t\t\t\t\t\t\t\t\t\t\t<h2 class=\"block-cta-bar__heading\">How can Moore ULA help you?<\/h2>\n\t\t\t\t\t\t<\/div>\n\t\t\t\t\t\t\t\t\t<\/div>\n\t\t\t\t<div class=\"col-12 col-lg-3\">\n\t\t\t\t\t\t\t\t\t\t\t<div class=\"block-cta-bar__button-wrapper\">\n\t\t\t\t\t\t\t\t\t\t\t\t\t\t\t<a href=\"https:\/\/www.moore.do\/en\/contact-us\/\" target=\"\" class=\"btn btn--primary btn--solid\">Contact us<\/a>\n\t\t\t\t\t\t\t\t\t\t\t\t\t\t\t\t\t\t\t\t<\/div>\n\t\t\t\t\t\t\t\t\t<\/div>\n\t\t\t<\/div>\n\t\t<\/div>\n\t<\/div>\n<\/section>","protected":false},"excerpt":{"rendered":"","protected":false},"author":29,"featured_media":0,"parent":0,"menu_order":4,"comment_status":"closed","ping_status":"closed","template":"","meta":{"_acf_changed":true,"footnotes":""},"class_list":["post-408","page","type-page","status-publish","hentry"],"acf":[],"yoast_head":"<!-- This site is optimized with the Yoast SEO plugin v27.2 - https:\/\/yoast.com\/product\/yoast-seo-wordpress\/ -->\n<title>Pol\u00edtica de Calidad | Moore ULA<\/title>\n<meta name=\"description\" content=\"Conoce la pol\u00edtica de calidad de Moore ULA, basada en NICC 1 e ISO 9000, para garantizar servicios de auditor\u00eda confiables y eficientes.\" \/>\n<meta name=\"robots\" content=\"index, follow, max-snippet:-1, max-image-preview:large, max-video-preview:-1\" \/>\n<link rel=\"canonical\" href=\"https:\/\/www.moore.do\/en\/quality-policy\/\" \/>\n<meta property=\"og:locale\" content=\"en_US\" \/>\n<meta property=\"og:type\" content=\"article\" \/>\n<meta property=\"og:title\" content=\"Pol\u00edtica de Calidad | Moore ULA\" \/>\n<meta property=\"og:description\" content=\"Conoce la pol\u00edtica de calidad de Moore ULA, basada en NICC 1 e ISO 9000, para garantizar servicios de auditor\u00eda confiables y eficientes.\" \/>\n<meta property=\"og:url\" content=\"https:\/\/www.moore.do\/en\/quality-policy\/\" \/>\n<meta property=\"og:site_name\" content=\"Moore ULA\" \/>\n<meta property=\"article:modified_time\" content=\"2026-03-11T03:45:15+00:00\" \/>\n<meta name=\"twitter:card\" content=\"summary_large_image\" \/>\n<script type=\"application\/ld+json\" class=\"yoast-schema-graph\">{\"@context\":\"https:\/\/schema.org\",\"@graph\":[{\"@type\":\"WebPage\",\"@id\":\"https:\/\/www.moore.do\/politica-de-calidad\/\",\"url\":\"https:\/\/www.moore.do\/politica-de-calidad\/\",\"name\":\"Pol\u00edtica de Calidad | Moore ULA\",\"isPartOf\":{\"@id\":\"https:\/\/www.moore.do\/#website\"},\"datePublished\":\"2025-11-14T21:55:30+00:00\",\"dateModified\":\"2026-03-11T03:45:15+00:00\",\"description\":\"Conoce la pol\u00edtica de calidad de Moore ULA, basada en NICC 1 e ISO 9000, para garantizar servicios de auditor\u00eda confiables y eficientes.\",\"breadcrumb\":{\"@id\":\"https:\/\/www.moore.do\/politica-de-calidad\/#breadcrumb\"},\"inLanguage\":\"en-US\",\"potentialAction\":[{\"@type\":\"ReadAction\",\"target\":[\"https:\/\/www.moore.do\/politica-de-calidad\/\"]}]},{\"@type\":\"BreadcrumbList\",\"@id\":\"https:\/\/www.moore.do\/politica-de-calidad\/#breadcrumb\",\"itemListElement\":[{\"@type\":\"ListItem\",\"position\":1,\"name\":\"Home\",\"item\":\"https:\/\/www.moore.do\/\"},{\"@type\":\"ListItem\",\"position\":2,\"name\":\"Pol\u00edtica de Calidad\"}]},{\"@type\":\"WebSite\",\"@id\":\"https:\/\/www.moore.do\/#website\",\"url\":\"https:\/\/www.moore.do\/\",\"name\":\"Moore ULA\",\"description\":\"This is the base site for Moore Global\",\"potentialAction\":[{\"@type\":\"SearchAction\",\"target\":{\"@type\":\"EntryPoint\",\"urlTemplate\":\"https:\/\/www.moore.do\/?s={search_term_string}\"},\"query-input\":{\"@type\":\"PropertyValueSpecification\",\"valueRequired\":true,\"valueName\":\"search_term_string\"}}],\"inLanguage\":\"en-US\"}]}<\/script>\n<!-- \/ Yoast SEO plugin. -->","yoast_head_json":{"title":"Quality Policy | Moore ULA","description":"Get to know Moore ULA's quality policy, based on NICC 1 and ISO 9000, to guarantee reliable and efficient audit services.","robots":{"index":"index","follow":"follow","max-snippet":"max-snippet:-1","max-image-preview":"max-image-preview:large","max-video-preview":"max-video-preview:-1"},"canonical":"https:\/\/www.moore.do\/en\/quality-policy\/","og_locale":"en_US","og_type":"article","og_title":"Pol\u00edtica de Calidad | Moore ULA","og_description":"Conoce la pol\u00edtica de calidad de Moore ULA, basada en NICC 1 e ISO 9000, para garantizar servicios de auditor\u00eda confiables y eficientes.","og_url":"https:\/\/www.moore.do\/en\/quality-policy\/","og_site_name":"Moore ULA","article_modified_time":"2026-03-11T03:45:15+00:00","twitter_card":"summary_large_image","schema":{"@context":"https:\/\/schema.org","@graph":[{"@type":"WebPage","@id":"https:\/\/www.moore.do\/politica-de-calidad\/","url":"https:\/\/www.moore.do\/politica-de-calidad\/","name":"Quality Policy | Moore ULA","isPartOf":{"@id":"https:\/\/www.moore.do\/#website"},"datePublished":"2025-11-14T21:55:30+00:00","dateModified":"2026-03-11T03:45:15+00:00","description":"Get to know Moore ULA's quality policy, based on NICC 1 and ISO 9000, to guarantee reliable and efficient audit services.","breadcrumb":{"@id":"https:\/\/www.moore.do\/politica-de-calidad\/#breadcrumb"},"inLanguage":"en-US","potentialAction":[{"@type":"ReadAction","target":["https:\/\/www.moore.do\/politica-de-calidad\/"]}]},{"@type":"BreadcrumbList","@id":"https:\/\/www.moore.do\/politica-de-calidad\/#breadcrumb","itemListElement":[{"@type":"ListItem","position":1,"name":"Home","item":"https:\/\/www.moore.do\/"},{"@type":"ListItem","position":2,"name":"Pol\u00edtica de Calidad"}]},{"@type":"WebSite","@id":"https:\/\/www.moore.do\/#website","url":"https:\/\/www.moore.do\/","name":"Moore ULA","description":"This is the base site for Moore Global","potentialAction":[{"@type":"SearchAction","target":{"@type":"EntryPoint","urlTemplate":"https:\/\/www.moore.do\/?s={search_term_string}"},"query-input":{"@type":"PropertyValueSpecification","valueRequired":true,"valueName":"search_term_string"}}],"inLanguage":"en-US"}]}},"_links":{"self":[{"href":"https:\/\/www.moore.do\/en\/wp-json\/wp\/v2\/pages\/408","targetHints":{"allow":["GET"]}}],"collection":[{"href":"https:\/\/www.moore.do\/en\/wp-json\/wp\/v2\/pages"}],"about":[{"href":"https:\/\/www.moore.do\/en\/wp-json\/wp\/v2\/types\/page"}],"author":[{"embeddable":true,"href":"https:\/\/www.moore.do\/en\/wp-json\/wp\/v2\/users\/29"}],"replies":[{"embeddable":true,"href":"https:\/\/www.moore.do\/en\/wp-json\/wp\/v2\/comments?post=408"}],"version-history":[{"count":0,"href":"https:\/\/www.moore.do\/en\/wp-json\/wp\/v2\/pages\/408\/revisions"}],"wp:attachment":[{"href":"https:\/\/www.moore.do\/en\/wp-json\/wp\/v2\/media?parent=408"}],"curies":[{"name":"wp","href":"https:\/\/api.w.org\/{rel}","templated":true}]}}